{"id":69,"date":"2021-09-14T14:06:01","date_gmt":"2021-09-14T12:06:01","guid":{"rendered":"https:\/\/www.laregalido.com\/?page_id=69"},"modified":"2022-06-22T09:25:33","modified_gmt":"2022-06-22T07:25:33","slug":"leisure-and-discovery","status":"publish","type":"page","link":"https:\/\/www.laregalido.com\/en\/loisir-decouverte\/","title":{"rendered":"Leisure and discovery"},"content":{"rendered":"<div data-elementor-type=\"wp-page\" data-elementor-id=\"69\" class=\"elementor elementor-69\" data-elementor-post-type=\"page\">\n\t\t\t\t\t\t<section class=\"elementor-section elementor-top-section elementor-element elementor-element-c4e4bba elementor-section-height-min-height elementor-section-full_width elementor-section-content-top elementor-section-height-default elementor-section-items-middle\" data-id=\"c4e4bba\" data-element_type=\"section\" data-e-type=\"section\" data-settings=\"{&quot;background_background&quot;:&quot;classic&quot;,&quot;_ob_glider_is_slider&quot;:&quot;no&quot;}\">\n\t\t\t\t\t\t\t<div class=\"elementor-background-overlay\"><\/div>\n\t\t\t\t\t\t\t<div class=\"elementor-container elementor-column-gap-default\">\n\t\t\t\t\t<div class=\"elementor-column elementor-col-100 elementor-top-column elementor-element elementor-element-bf209c2\" data-id=\"bf209c2\" data-element_type=\"column\" data-e-type=\"column\" data-settings=\"{&quot;_ob_column_hoveranimator&quot;:&quot;no&quot;,&quot;_ob_column_has_pseudo&quot;:&quot;no&quot;}\">\n\t\t\t<div class=\"elementor-widget-wrap elementor-element-populated\">\n\t\t\t\t\t\t<div class=\"elementor-element elementor-element-766afe1 elementor-widget-divider--view-line ob-has-background-overlay elementor-widget elementor-widget-divider\" data-id=\"766afe1\" data-element_type=\"widget\" data-e-type=\"widget\" data-settings=\"{&quot;_ob_widget_stalker_use&quot;:&quot;no&quot;,&quot;_ob_poopart_use&quot;:&quot;yes&quot;,&quot;_ob_shadough_use&quot;:&quot;no&quot;,&quot;_ob_allow_hoveranimator&quot;:&quot;no&quot;}\" data-widget_type=\"divider.default\">\n\t\t\t\t<div class=\"elementor-widget-container\">\n\t\t\t\t\t\t\t<div class=\"elementor-divider\">\n\t\t\t<span class=\"elementor-divider-separator\">\n\t\t\t\t\t\t<\/span>\n\t\t<\/div>\n\t\t\t\t\t\t<\/div>\n\t\t\t\t<\/div>\n\t\t\t\t<div class=\"elementor-element elementor-element-8c15148 ob-harakiri-inherit ob-has-background-overlay elementor-widget elementor-widget-heading\" data-id=\"8c15148\" data-element_type=\"widget\" data-e-type=\"widget\" data-settings=\"{&quot;_ob_use_harakiri&quot;:&quot;yes&quot;,&quot;_ob_harakiri_writing_mode&quot;:&quot;inherit&quot;,&quot;_ob_harakiri_text_clip&quot;:&quot;none&quot;,&quot;_ob_widget_stalker_use&quot;:&quot;no&quot;,&quot;_ob_poopart_use&quot;:&quot;yes&quot;,&quot;_ob_shadough_use&quot;:&quot;no&quot;,&quot;_ob_allow_hoveranimator&quot;:&quot;no&quot;}\" data-widget_type=\"heading.default\">\n\t\t\t\t<div class=\"elementor-widget-container\">\n\t\t\t\t\t<h1 class=\"elementor-heading-title elementor-size-default\">Leisure and discovery<\/h1>\t\t\t\t<\/div>\n\t\t\t\t<\/div>\n\t\t\t\t\t<\/div>\n\t\t<\/div>\n\t\t\t\t\t<\/div>\n\t\t<\/section>\n\t\t\t\t<section class=\"elementor-section elementor-top-section elementor-element elementor-element-efaa70a elementor-section-full_width elementor-section-height-default elementor-section-height-default\" data-id=\"efaa70a\" data-element_type=\"section\" data-e-type=\"section\" data-settings=\"{&quot;background_background&quot;:&quot;classic&quot;,&quot;_ob_glider_is_slider&quot;:&quot;no&quot;}\">\n\t\t\t\t\t\t\t<div class=\"elementor-background-overlay\"><\/div>\n\t\t\t\t\t\t\t<div class=\"elementor-container elementor-column-gap-default\">\n\t\t\t\t\t<div class=\"elementor-column elementor-col-100 elementor-top-column elementor-element elementor-element-e250a18\" data-id=\"e250a18\" data-element_type=\"column\" data-e-type=\"column\" data-settings=\"{&quot;_ob_column_hoveranimator&quot;:&quot;no&quot;,&quot;_ob_column_has_pseudo&quot;:&quot;no&quot;}\">\n\t\t\t<div class=\"elementor-widget-wrap elementor-element-populated\">\n\t\t\t\t\t\t<section class=\"elementor-section elementor-inner-section elementor-element elementor-element-ed4af9c elementor-section-boxed elementor-section-height-default elementor-section-height-default\" data-id=\"ed4af9c\" data-element_type=\"section\" data-e-type=\"section\" data-settings=\"{&quot;_ob_glider_is_slider&quot;:&quot;no&quot;}\">\n\t\t\t\t\t\t<div class=\"elementor-container elementor-column-gap-default\">\n\t\t\t\t\t<div class=\"elementor-column elementor-col-100 elementor-inner-column elementor-element elementor-element-9b1dc12\" data-id=\"9b1dc12\" data-element_type=\"column\" data-e-type=\"column\" data-settings=\"{&quot;_ob_column_hoveranimator&quot;:&quot;no&quot;,&quot;_ob_column_has_pseudo&quot;:&quot;no&quot;}\">\n\t\t\t<div class=\"elementor-widget-wrap elementor-element-populated\">\n\t\t\t\t\t\t<div class=\"elementor-element elementor-element-6891323 elementor-widget-divider--view-line ob-has-background-overlay elementor-widget elementor-widget-divider\" data-id=\"6891323\" data-element_type=\"widget\" data-e-type=\"widget\" data-settings=\"{&quot;_ob_widget_stalker_use&quot;:&quot;no&quot;,&quot;_ob_poopart_use&quot;:&quot;yes&quot;,&quot;_ob_shadough_use&quot;:&quot;no&quot;,&quot;_ob_allow_hoveranimator&quot;:&quot;no&quot;}\" data-widget_type=\"divider.default\">\n\t\t\t\t<div class=\"elementor-widget-container\">\n\t\t\t\t\t\t\t<div class=\"elementor-divider\">\n\t\t\t<span class=\"elementor-divider-separator\">\n\t\t\t\t\t\t<\/span>\n\t\t<\/div>\n\t\t\t\t\t\t<\/div>\n\t\t\t\t<\/div>\n\t\t\t\t<div class=\"elementor-element elementor-element-0aca31f ob-harakiri-inherit ob-has-background-overlay elementor-widget elementor-widget-heading\" data-id=\"0aca31f\" data-element_type=\"widget\" data-e-type=\"widget\" data-settings=\"{&quot;_ob_use_harakiri&quot;:&quot;yes&quot;,&quot;_ob_harakiri_writing_mode&quot;:&quot;inherit&quot;,&quot;_ob_harakiri_text_clip&quot;:&quot;none&quot;,&quot;_ob_widget_stalker_use&quot;:&quot;no&quot;,&quot;_ob_poopart_use&quot;:&quot;yes&quot;,&quot;_ob_shadough_use&quot;:&quot;no&quot;,&quot;_ob_allow_hoveranimator&quot;:&quot;no&quot;}\" data-widget_type=\"heading.default\">\n\t\t\t\t<div class=\"elementor-widget-container\">\n\t\t\t\t\t<h1 class=\"elementor-heading-title elementor-size-default\">Around the hotel<\/h1>\t\t\t\t<\/div>\n\t\t\t\t<\/div>\n\t\t\t\t<div class=\"elementor-element elementor-element-795ec63 ob-harakiri-inherit ob-has-background-overlay elementor-widget elementor-widget-heading\" data-id=\"795ec63\" data-element_type=\"widget\" data-e-type=\"widget\" data-settings=\"{&quot;_ob_use_harakiri&quot;:&quot;yes&quot;,&quot;_ob_harakiri_writing_mode&quot;:&quot;inherit&quot;,&quot;_ob_harakiri_text_clip&quot;:&quot;none&quot;,&quot;_ob_widget_stalker_use&quot;:&quot;no&quot;,&quot;_ob_poopart_use&quot;:&quot;yes&quot;,&quot;_ob_shadough_use&quot;:&quot;no&quot;,&quot;_ob_allow_hoveranimator&quot;:&quot;no&quot;}\" data-widget_type=\"heading.default\">\n\t\t\t\t<div class=\"elementor-widget-container\">\n\t\t\t\t\t<h2 class=\"elementor-heading-title elementor-size-default\">Baux de Provence, Arles, Avignon, Camargue... The region has so much to offer!<\/h2>\t\t\t\t<\/div>\n\t\t\t\t<\/div>\n\t\t\t\t<div class=\"elementor-element elementor-element-cd1e105 ob-harakiri-inherit ob-has-background-overlay elementor-widget elementor-widget-text-editor\" data-id=\"cd1e105\" data-element_type=\"widget\" data-e-type=\"widget\" data-settings=\"{&quot;_ob_use_harakiri&quot;:&quot;yes&quot;,&quot;_ob_harakiri_writing_mode&quot;:&quot;inherit&quot;,&quot;_ob_postman_use&quot;:&quot;no&quot;,&quot;_ob_widget_stalker_use&quot;:&quot;no&quot;,&quot;_ob_poopart_use&quot;:&quot;yes&quot;,&quot;_ob_shadough_use&quot;:&quot;no&quot;,&quot;_ob_allow_hoveranimator&quot;:&quot;no&quot;}\" data-widget_type=\"text-editor.default\">\n\t\t\t\t<div class=\"elementor-widget-container\">\n\t\t\t\t\t\t\t\t\t<p>Put your bags down at the R\u00e9galido and enjoy your stay in our hotel between Les Baux de Provence, Arles and Avignon to discover the treasures of Provence, the Camargue and the Alpilles.<\/p><p>For a cultural trip, head for Les Baux de Provence (12 minutes from the hotel): perched on a rocky plateau, the village is full of architectural pieces that bear witness to the medieval era. The Carri\u00e8res de Lumi\u00e8res, at the entrance to Les Baux de Provence, will be an opportunity to discover an exhibition in total immersion. In Avignon (35 minutes from the hotel), the Palace of the Popes welcomes you in its superb flats, while Arles (20 minutes from the hotel) invites you to discover its Roman remains.<\/p><p>Take a step back in time and discover the archaeological site of Glanum in Saint R\u00e9my de Provence (20 minutes from the hotel) or admire the famous Pont du Gard.<\/p><p>Finally, enjoy nature through the preserved areas of the Camargue or simply let yourself be charmed by the Moulin de Daudet in Fontvieille.<\/p>\t\t\t\t\t\t\t\t<\/div>\n\t\t\t\t<\/div>\n\t\t\t\t\t<\/div>\n\t\t<\/div>\n\t\t\t\t\t<\/div>\n\t\t<\/section>\n\t\t\t\t\t<\/div>\n\t\t<\/div>\n\t\t\t\t\t<\/div>\n\t\t<\/section>\n\t\t\t\t<section class=\"elementor-section elementor-top-section elementor-element elementor-element-8f71e12 section-multibloc elementor-section-boxed elementor-section-height-default elementor-section-height-default\" data-id=\"8f71e12\" data-element_type=\"section\" data-e-type=\"section\" data-settings=\"{&quot;background_background&quot;:&quot;classic&quot;,&quot;_ob_glider_is_slider&quot;:&quot;no&quot;}\">\n\t\t\t\t\t\t<div class=\"elementor-container elementor-column-gap-default\">\n\t\t\t\t\t<div class=\"elementor-column elementor-col-100 elementor-top-column elementor-element elementor-element-120e498\" data-id=\"120e498\" data-element_type=\"column\" data-e-type=\"column\" data-settings=\"{&quot;_ob_column_hoveranimator&quot;:&quot;no&quot;,&quot;_ob_column_has_pseudo&quot;:&quot;no&quot;}\">\n\t\t\t<div class=\"elementor-widget-wrap elementor-element-populated\">\n\t\t\t\t\t\t<div class=\"elementor-element elementor-element-ecacc2e ob-has-background-overlay elementor-widget elementor-widget-shortcode\" data-id=\"ecacc2e\" data-element_type=\"widget\" data-e-type=\"widget\" data-settings=\"{&quot;_ob_widget_stalker_use&quot;:&quot;no&quot;,&quot;_ob_poopart_use&quot;:&quot;yes&quot;,&quot;_ob_shadough_use&quot;:&quot;no&quot;,&quot;_ob_allow_hoveranimator&quot;:&quot;no&quot;}\" data-widget_type=\"shortcode.default\">\n\t\t\t\t<div class=\"elementor-widget-container\">\n\t\t\t\t\t\r\n    <section id=\"section-multibloc-loisirs\">\r\n   \r\n    <div class=\"post-1624 page type-page status-publish has-post-thumbnail hentry\">\r\n\r\n        <a href=\"https:\/\/www.laregalido.com\/en\/loisir-decouverte\/moulin-de-daudet\/\" rel=\"bookmark\"\r\n           title=\"Daudet Mill\"><img fetchpriority=\"high\" decoding=\"async\" width=\"1920\" height=\"1200\" src=\"https:\/\/www.laregalido.com\/wp-content\/uploads\/2021\/10\/web_0002_mill-of-daudet-picture-id174914417-2.jpg\" class=\"attachment-page-thumb-mine size-page-thumb-mine wp-post-image\" alt=\"Photo -\" srcset=\"https:\/\/www.laregalido.com\/wp-content\/uploads\/2021\/10\/web_0002_mill-of-daudet-picture-id174914417-2.jpg 1920w, https:\/\/www.laregalido.com\/wp-content\/uploads\/2021\/10\/web_0002_mill-of-daudet-picture-id174914417-2-300x188.jpg 300w, https:\/\/www.laregalido.com\/wp-content\/uploads\/2021\/10\/web_0002_mill-of-daudet-picture-id174914417-2-1024x640.jpg 1024w, https:\/\/www.laregalido.com\/wp-content\/uploads\/2021\/10\/web_0002_mill-of-daudet-picture-id174914417-2-768x480.jpg 768w, https:\/\/www.laregalido.com\/wp-content\/uploads\/2021\/10\/web_0002_mill-of-daudet-picture-id174914417-2-1536x960.jpg 1536w, https:\/\/www.laregalido.com\/wp-content\/uploads\/2021\/10\/web_0002_mill-of-daudet-picture-id174914417-2-18x12.jpg 18w\" sizes=\"(max-width: 1920px) 100vw, 1920px\"><div class=\"title\"><h1>Daudet Mill<\/h1><h2>UNUSUAL VISIT IN THE SOUTH OF FRANCE<\/h2><\/div><div class=\"savoir-plus\">Read more<\/div><\/a><\/div>\r\n\r\n    \r\n    <div class=\"post-1626 page type-page status-publish has-post-thumbnail hentry\">\r\n\r\n        <a href=\"https:\/\/www.laregalido.com\/en\/loisir-decouverte\/les-baux-de-provence\/\" rel=\"bookmark\"\r\n           title=\"Les Baux de Provence\"><img decoding=\"async\" width=\"1920\" height=\"1200\" src=\"https:\/\/www.laregalido.com\/wp-content\/uploads\/2021\/10\/web_0003_iStock-1150446932.jpg\" class=\"attachment-page-thumb-mine size-page-thumb-mine wp-post-image\" alt=\"Photo -\" srcset=\"https:\/\/www.laregalido.com\/wp-content\/uploads\/2021\/10\/web_0003_iStock-1150446932.jpg 1920w, https:\/\/www.laregalido.com\/wp-content\/uploads\/2021\/10\/web_0003_iStock-1150446932-300x188.jpg 300w, https:\/\/www.laregalido.com\/wp-content\/uploads\/2021\/10\/web_0003_iStock-1150446932-1024x640.jpg 1024w, https:\/\/www.laregalido.com\/wp-content\/uploads\/2021\/10\/web_0003_iStock-1150446932-768x480.jpg 768w, https:\/\/www.laregalido.com\/wp-content\/uploads\/2021\/10\/web_0003_iStock-1150446932-1536x960.jpg 1536w, https:\/\/www.laregalido.com\/wp-content\/uploads\/2021\/10\/web_0003_iStock-1150446932-18x12.jpg 18w\" sizes=\"(max-width: 1920px) 100vw, 1920px\"><div class=\"title\"><h1>Les Baux de Provence<\/h1><h2>A UNIQUE VILLAGE IN THE HEART OF THE ALPILLES<\/h2><\/div><div class=\"savoir-plus\">Read more<\/div><\/a><\/div>\r\n\r\n    \r\n    <div class=\"post-5396 page type-page status-publish has-post-thumbnail hentry\">\r\n\r\n        <a href=\"https:\/\/www.laregalido.com\/en\/loisir-decouverte\/ville-darles-2\/\" rel=\"bookmark\"\r\n           title=\"City of Arles\"><img decoding=\"async\" width=\"1920\" height=\"1200\" src=\"https:\/\/www.laregalido.com\/wp-content\/uploads\/2021\/10\/web_0000_iStock-1262993170.jpg\" class=\"attachment-page-thumb-mine size-page-thumb-mine wp-post-image\" alt=\"Photo -\" srcset=\"https:\/\/www.laregalido.com\/wp-content\/uploads\/2021\/10\/web_0000_iStock-1262993170.jpg 1920w, https:\/\/www.laregalido.com\/wp-content\/uploads\/2021\/10\/web_0000_iStock-1262993170-300x188.jpg 300w, https:\/\/www.laregalido.com\/wp-content\/uploads\/2021\/10\/web_0000_iStock-1262993170-1024x640.jpg 1024w, https:\/\/www.laregalido.com\/wp-content\/uploads\/2021\/10\/web_0000_iStock-1262993170-768x480.jpg 768w, https:\/\/www.laregalido.com\/wp-content\/uploads\/2021\/10\/web_0000_iStock-1262993170-1536x960.jpg 1536w, https:\/\/www.laregalido.com\/wp-content\/uploads\/2021\/10\/web_0000_iStock-1262993170-18x12.jpg 18w\" sizes=\"(max-width: 1920px) 100vw, 1920px\"><div class=\"title\"><h1>City of Arles<\/h1><h2>THE CITY OF ART AND HISTORY 20 MINUTES FROM YOUR HOTEL<\/h2><\/div><div class=\"savoir-plus\">Read more<\/div><\/a><\/div>\r\n\r\n    \r\n    <div class=\"post-1630 page type-page status-publish has-post-thumbnail hentry\">\r\n\r\n        <a href=\"https:\/\/www.laregalido.com\/en\/loisir-decouverte\/site-arche-de-glanum\/\" rel=\"bookmark\"\r\n           title=\"Archaeological site of Glanum\"><img loading=\"lazy\" decoding=\"async\" width=\"1920\" height=\"1200\" src=\"https:\/\/www.laregalido.com\/wp-content\/uploads\/2021\/10\/web_0001_iStock-470669448.jpg\" class=\"attachment-page-thumb-mine size-page-thumb-mine wp-post-image\" alt=\"Photo -\" srcset=\"https:\/\/www.laregalido.com\/wp-content\/uploads\/2021\/10\/web_0001_iStock-470669448.jpg 1920w, https:\/\/www.laregalido.com\/wp-content\/uploads\/2021\/10\/web_0001_iStock-470669448-300x188.jpg 300w, https:\/\/www.laregalido.com\/wp-content\/uploads\/2021\/10\/web_0001_iStock-470669448-1024x640.jpg 1024w, https:\/\/www.laregalido.com\/wp-content\/uploads\/2021\/10\/web_0001_iStock-470669448-768x480.jpg 768w, https:\/\/www.laregalido.com\/wp-content\/uploads\/2021\/10\/web_0001_iStock-470669448-1536x960.jpg 1536w, https:\/\/www.laregalido.com\/wp-content\/uploads\/2021\/10\/web_0001_iStock-470669448-18x12.jpg 18w\" sizes=\"(max-width: 1920px) 100vw, 1920px\"><div class=\"title\"><h1>Archaeological site of Glanum<\/h1><h2>DISCOVER AN ANCIENT CITY 20 MINUTES FROM YOUR HOTEL<\/h2><\/div><div class=\"savoir-plus\">Read more<\/div><\/a><\/div>\r\n\r\n    \r\n    <div class=\"post-1632 page type-page status-publish has-post-thumbnail hentry\">\r\n\r\n        <a href=\"https:\/\/www.laregalido.com\/en\/loisir-decouverte\/saint-remy-de-provence\/\" rel=\"bookmark\"\r\n           title=\"Saint Remy de Provence\"><img loading=\"lazy\" decoding=\"async\" width=\"1920\" height=\"1200\" src=\"https:\/\/www.laregalido.com\/wp-content\/uploads\/2021\/10\/web_0004_saint-remy-de-provence-4706828_1280.jpg\" class=\"attachment-page-thumb-mine size-page-thumb-mine wp-post-image\" alt=\"Photo -\" srcset=\"https:\/\/www.laregalido.com\/wp-content\/uploads\/2021\/10\/web_0004_saint-remy-de-provence-4706828_1280.jpg 1920w, https:\/\/www.laregalido.com\/wp-content\/uploads\/2021\/10\/web_0004_saint-remy-de-provence-4706828_1280-300x188.jpg 300w, https:\/\/www.laregalido.com\/wp-content\/uploads\/2021\/10\/web_0004_saint-remy-de-provence-4706828_1280-1024x640.jpg 1024w, https:\/\/www.laregalido.com\/wp-content\/uploads\/2021\/10\/web_0004_saint-remy-de-provence-4706828_1280-768x480.jpg 768w, https:\/\/www.laregalido.com\/wp-content\/uploads\/2021\/10\/web_0004_saint-remy-de-provence-4706828_1280-1536x960.jpg 1536w, https:\/\/www.laregalido.com\/wp-content\/uploads\/2021\/10\/web_0004_saint-remy-de-provence-4706828_1280-18x12.jpg 18w\" sizes=\"(max-width: 1920px) 100vw, 1920px\"><div class=\"title\"><h1>Saint Remy de Provence<\/h1><h2>A CHARMING GETAWAY IN THE ALPILLES<\/h2><\/div><div class=\"savoir-plus\">Read more<\/div><\/a><\/div>\r\n\r\n    \r\n    <div class=\"post-1634 page type-page status-publish has-post-thumbnail hentry\">\r\n\r\n        <a href=\"https:\/\/www.laregalido.com\/en\/loisir-decouverte\/avignon\/\" rel=\"bookmark\"\r\n           title=\"Avignon\"><img loading=\"lazy\" decoding=\"async\" width=\"1920\" height=\"1200\" src=\"https:\/\/www.laregalido.com\/wp-content\/uploads\/2021\/10\/web_0005_iStock-481566832.jpg\" class=\"attachment-page-thumb-mine size-page-thumb-mine wp-post-image\" alt=\"Photo -\" srcset=\"https:\/\/www.laregalido.com\/wp-content\/uploads\/2021\/10\/web_0005_iStock-481566832.jpg 1920w, https:\/\/www.laregalido.com\/wp-content\/uploads\/2021\/10\/web_0005_iStock-481566832-300x188.jpg 300w, https:\/\/www.laregalido.com\/wp-content\/uploads\/2021\/10\/web_0005_iStock-481566832-1024x640.jpg 1024w, https:\/\/www.laregalido.com\/wp-content\/uploads\/2021\/10\/web_0005_iStock-481566832-768x480.jpg 768w, https:\/\/www.laregalido.com\/wp-content\/uploads\/2021\/10\/web_0005_iStock-481566832-1536x960.jpg 1536w, https:\/\/www.laregalido.com\/wp-content\/uploads\/2021\/10\/web_0005_iStock-481566832-18x12.jpg 18w\" sizes=\"(max-width: 1920px) 100vw, 1920px\"><div class=\"title\"><h1>Avignon<\/h1><h2>A CITY OF HISTORY AND ENTERTAINMENT 30 KM FROM THE HOTEL<\/h2><\/div><div class=\"savoir-plus\">Read more<\/div><\/a><\/div>\r\n\r\n    \r\n    <div class=\"post-1636 page type-page status-publish has-post-thumbnail hentry\">\r\n\r\n        <a href=\"https:\/\/www.laregalido.com\/en\/loisir-decouverte\/le-pont-du-gard\/\" rel=\"bookmark\"\r\n           title=\"The Pont du Gard\"><img loading=\"lazy\" decoding=\"async\" width=\"1920\" height=\"1200\" src=\"https:\/\/www.laregalido.com\/wp-content\/uploads\/2021\/10\/web_0006_iStock-159314951.jpg\" class=\"attachment-page-thumb-mine size-page-thumb-mine wp-post-image\" alt=\"Photo -\" srcset=\"https:\/\/www.laregalido.com\/wp-content\/uploads\/2021\/10\/web_0006_iStock-159314951.jpg 1920w, https:\/\/www.laregalido.com\/wp-content\/uploads\/2021\/10\/web_0006_iStock-159314951-300x188.jpg 300w, https:\/\/www.laregalido.com\/wp-content\/uploads\/2021\/10\/web_0006_iStock-159314951-1024x640.jpg 1024w, https:\/\/www.laregalido.com\/wp-content\/uploads\/2021\/10\/web_0006_iStock-159314951-768x480.jpg 768w, https:\/\/www.laregalido.com\/wp-content\/uploads\/2021\/10\/web_0006_iStock-159314951-1536x960.jpg 1536w, https:\/\/www.laregalido.com\/wp-content\/uploads\/2021\/10\/web_0006_iStock-159314951-18x12.jpg 18w\" sizes=\"(max-width: 1920px) 100vw, 1920px\"><div class=\"title\"><h1>The Pont du Gard<\/h1><h2>AN ANCIENT MASTERPIECE 35 MINUTES FROM YOUR HOTEL<\/h2><\/div><div class=\"savoir-plus\">Read more<\/div><\/a><\/div>\r\n\r\n    \r\n    <div class=\"post-1638 page type-page status-publish has-post-thumbnail hentry\">\r\n\r\n        <a href=\"https:\/\/www.laregalido.com\/en\/loisir-decouverte\/la-camargue\/\" rel=\"bookmark\"\r\n           title=\"The Camargue\"><img loading=\"lazy\" decoding=\"async\" width=\"1920\" height=\"1200\" src=\"https:\/\/www.laregalido.com\/wp-content\/uploads\/2021\/10\/web_0007_iStock-502778110.jpg\" class=\"attachment-page-thumb-mine size-page-thumb-mine wp-post-image\" alt=\"Photo -\" srcset=\"https:\/\/www.laregalido.com\/wp-content\/uploads\/2021\/10\/web_0007_iStock-502778110.jpg 1920w, https:\/\/www.laregalido.com\/wp-content\/uploads\/2021\/10\/web_0007_iStock-502778110-300x188.jpg 300w, https:\/\/www.laregalido.com\/wp-content\/uploads\/2021\/10\/web_0007_iStock-502778110-1024x640.jpg 1024w, https:\/\/www.laregalido.com\/wp-content\/uploads\/2021\/10\/web_0007_iStock-502778110-768x480.jpg 768w, https:\/\/www.laregalido.com\/wp-content\/uploads\/2021\/10\/web_0007_iStock-502778110-1536x960.jpg 1536w, https:\/\/www.laregalido.com\/wp-content\/uploads\/2021\/10\/web_0007_iStock-502778110-18x12.jpg 18w\" sizes=\"(max-width: 1920px) 100vw, 1920px\"><div class=\"title\"><h1>The Camargue<\/h1><h2>A NATURE SANCTUARY 20 MINUTES FROM THE HOTEL<\/h2><\/div><div class=\"savoir-plus\">Read more<\/div><\/a><\/div>\r\n\r\n    \r\n    <div class=\"post-5464 page type-page status-publish has-post-thumbnail hentry\">\r\n\r\n        <a href=\"https:\/\/www.laregalido.com\/en\/loisir-decouverte\/carrieres-de-lumiere\/\" rel=\"bookmark\"\r\n           title=\"Careers of light\"><img loading=\"lazy\" decoding=\"async\" width=\"2000\" height=\"1000\" src=\"https:\/\/www.laregalido.com\/wp-content\/uploads\/2023\/05\/Des-carrieres-aux-couleurs-de-Van-Gogh-et-du-Japon-copie.jpg\" class=\"attachment-page-thumb-mine size-page-thumb-mine wp-post-image\" alt=\"Photo -\" srcset=\"https:\/\/www.laregalido.com\/wp-content\/uploads\/2023\/05\/Des-carrieres-aux-couleurs-de-Van-Gogh-et-du-Japon-copie.jpg 2000w, https:\/\/www.laregalido.com\/wp-content\/uploads\/2023\/05\/Des-carrieres-aux-couleurs-de-Van-Gogh-et-du-Japon-copie-300x150.jpg 300w, https:\/\/www.laregalido.com\/wp-content\/uploads\/2023\/05\/Des-carrieres-aux-couleurs-de-Van-Gogh-et-du-Japon-copie-1024x512.jpg 1024w, https:\/\/www.laregalido.com\/wp-content\/uploads\/2023\/05\/Des-carrieres-aux-couleurs-de-Van-Gogh-et-du-Japon-copie-768x384.jpg 768w, https:\/\/www.laregalido.com\/wp-content\/uploads\/2023\/05\/Des-carrieres-aux-couleurs-de-Van-Gogh-et-du-Japon-copie-1536x768.jpg 1536w, https:\/\/www.laregalido.com\/wp-content\/uploads\/2023\/05\/Des-carrieres-aux-couleurs-de-Van-Gogh-et-du-Japon-copie-18x9.jpg 18w\" sizes=\"(max-width: 2000px) 100vw, 2000px\"><div class=\"title\"><h1>Careers of light<\/h1><h2>BETWEEN HERITAGE, TRADITIONS AND NATURE<\/h2><\/div><div class=\"savoir-plus\">Read more<\/div><\/a><\/div>\r\n\r\n    \r\n    <div class=\"post-5397 page type-page status-publish has-post-thumbnail hentry\">\r\n\r\n        <a href=\"https:\/\/www.laregalido.com\/en\/loisir-decouverte\/alpilles\/\" rel=\"bookmark\"\r\n           title=\"Alpilles\"><img loading=\"lazy\" decoding=\"async\" width=\"630\" height=\"385\" src=\"https:\/\/www.laregalido.com\/wp-content\/uploads\/2022\/05\/iStock-639369386_1_0001_Arriere-plan-1.jpg\" class=\"attachment-page-thumb-mine size-page-thumb-mine wp-post-image\" alt=\"Photo -\" srcset=\"https:\/\/www.laregalido.com\/wp-content\/uploads\/2022\/05\/iStock-639369386_1_0001_Arriere-plan-1.jpg 630w, https:\/\/www.laregalido.com\/wp-content\/uploads\/2022\/05\/iStock-639369386_1_0001_Arriere-plan-1-300x183.jpg 300w, https:\/\/www.laregalido.com\/wp-content\/uploads\/2022\/05\/iStock-639369386_1_0001_Arriere-plan-1-18x12.jpg 18w\" sizes=\"(max-width: 630px) 100vw, 630px\"><div class=\"title\"><h1>Alpilles<\/h1><h2>BETWEEN HERITAGE, TRADITIONS AND NATURE<\/h2><\/div><div class=\"savoir-plus\">Read more<\/div><\/a><\/div>\r\n\r\n        <\/section>\r\n    \t\t<div class=\"elementor-shortcode\"><\/div>\n\t\t\t\t\t\t<\/div>\n\t\t\t\t<\/div>\n\t\t\t\t\t<\/div>\n\t\t<\/div>\n\t\t\t\t\t<\/div>\n\t\t<\/section>\n\t\t\t\t<\/div>","protected":false},"excerpt":{"rendered":"<p>Loisirs &#038; d\u00e9couvertes Autour de l&rsquo;h\u00f4tel Baux de Provence, Arles, Avignon, Camargue&#8230; La r\u00e9gion a tant \u00e0 offrir ! Posez vos valises \u00e0 la R\u00e9galido et profitez de votre s\u00e9jour dans notre h\u00f4tel entre Les Baux de Provence, Arles et Avignon pour d\u00e9couvrir les tr\u00e9sors de la Provence, de la Camargue et des Alpilles. Pour [&hellip;]<\/p>\n","protected":false},"author":6,"featured_media":1218,"parent":0,"menu_order":7,"comment_status":"closed","ping_status":"closed","template":"","meta":{"inline_featured_image":false,"footnotes":""},"class_list":["post-69","page","type-page","status-publish","has-post-thumbnail","hentry"],"_links":{"self":[{"href":"https:\/\/www.laregalido.com\/en\/wp-json\/wp\/v2\/pages\/69","targetHints":{"allow":["GET"]}}],"collection":[{"href":"https:\/\/www.laregalido.com\/en\/wp-json\/wp\/v2\/pages"}],"about":[{"href":"https:\/\/www.laregalido.com\/en\/wp-json\/wp\/v2\/types\/page"}],"author":[{"embeddable":true,"href":"https:\/\/www.laregalido.com\/en\/wp-json\/wp\/v2\/users\/6"}],"replies":[{"embeddable":true,"href":"https:\/\/www.laregalido.com\/en\/wp-json\/wp\/v2\/comments?post=69"}],"version-history":[{"count":100,"href":"https:\/\/www.laregalido.com\/en\/wp-json\/wp\/v2\/pages\/69\/revisions"}],"predecessor-version":[{"id":5461,"href":"https:\/\/www.laregalido.com\/en\/wp-json\/wp\/v2\/pages\/69\/revisions\/5461"}],"wp:featuredmedia":[{"embeddable":true,"href":"https:\/\/www.laregalido.com\/en\/wp-json\/wp\/v2\/media\/1218"}],"wp:attachment":[{"href":"https:\/\/www.laregalido.com\/en\/wp-json\/wp\/v2\/media?parent=69"}],"curies":[{"name":"wp","href":"https:\/\/api.w.org\/{rel}","templated":true}]}}